{"id":17,"date":"2024-02-18T11:59:50","date_gmt":"2024-02-18T11:59:50","guid":{"rendered":"http:\/\/degerlendirmesurecleri.lifeedu.org.tr\/?page_id=17"},"modified":"2024-02-23T12:07:07","modified_gmt":"2024-02-23T12:07:07","slug":"basvurma-ve-secme-kriterleri","status":"publish","type":"page","link":"http:\/\/degerlendirmesurecleri.lifeedu.org.tr\/?page_id=17","title":{"rendered":"Ba\u015fvurma ve Se\u00e7me Kriterleri"},"content":{"rendered":"\t\t<div data-elementor-type=\"wp-page\" data-elementor-id=\"17\" class=\"elementor elementor-17\">\n\t\t\t\t<div class=\"elementor-element elementor-element-70a8740 e-flex e-con-boxed e-con e-parent\" data-id=\"70a8740\" data-element_type=\"container\">\n\t\t\t\t\t<div class=\"e-con-inner\">\n\t\t\t\t<div class=\"elementor-element elementor-element-4899925 elementor-widget elementor-widget-text-editor\" data-id=\"4899925\" data-element_type=\"widget\" data-widget_type=\"text-editor.default\">\n\t\t\t\t<div class=\"elementor-widget-container\">\n\t\t\t\t\t\t\t\t\t<p>Etkinli\u011fe devlet veya vak\u0131f \u00fcniversitelerinde g\u00f6rev yapmakta olan 18 ara\u015ft\u0131rmac\u0131n\u0131n kat\u0131lmas\u0131 planlanmaktad\u0131r. Uygulama s\u00fcre\u00e7lerinin etkile\u015fimli y\u00fcr\u00fct\u00fclmesi planland\u0131\u011f\u0131 i\u00e7in ki\u015fi say\u0131s\u0131 s\u0131n\u0131rl\u0131 tutulmaya \u00e7al\u0131\u015f\u0131lm\u0131\u015ft\u0131r. Bu do\u011frultuda, etkinli\u011fe kat\u0131lacak ara\u015ft\u0131rmac\u0131lar belirlenirken a\u015fa\u011f\u0131daki hususlar dikkate al\u0131nacakt\u0131r.<\/p><p><strong><u>Ba\u015fvurma Kriterleri<\/u><\/strong><\/p><ul><li>\u00dcniversitelerde \u00f6\u011fretim eleman\u0131 olarak g\u00f6rev yapmak.<\/li><li>Devlet veya vak\u0131f \u00fcniversitelerinde en az bir d\u00f6nem ders vermi\u015f olmak.<\/li><li>\u00c7evrimi\u00e7i ba\u015fvuru formunu doldurmak,<\/li><li>T\u00dcB\u0130TAK-Ara\u015ft\u0131rmac\u0131 Bilgi Sistemi (ARB\u0130S) veri taban\u0131na kay\u0131tl\u0131 olmak.<\/li><li>Daha \u00f6nce T\u00fcbitak taraf\u0131ndan d\u00fczenlenen 5&#8217;ten fazla etkinli\u011fe kat\u0131lm\u0131\u015f kat\u0131l\u0131mc\u0131lar etkinli\u011fe ba\u015fvuramaz.<\/li><\/ul><p><strong><u>Se\u00e7me Kriterleri<\/u><\/strong><\/p><ul><li>Etkinlik kapsam\u0131nda 18 kat\u0131l\u0131mc\u0131ya yer verilecektir. Maksimum \u00e7e\u015fitlili\u011fi sa\u011flamak amac\u0131yla \u00fcniversite, \u015fehir ve cinsiyet dikkate al\u0131nacak ve homojen bir da\u011f\u0131l\u0131m sa\u011flanmaya \u00e7al\u0131\u015f\u0131lacakt\u0131r.<\/li><li>Projenin yayg\u0131nla\u015fmas\u0131na katk\u0131 sa\u011flamak amac\u0131yla kat\u0131l\u0131mc\u0131lar\u0131n farkl\u0131 \u00fcniversitelerden ve farkl\u0131 disiplinlerden olmas\u0131na dikkat edilecektir. Bir y\u00fcksek\u00f6\u011fretim kurumundan en fazla 3 kat\u0131l\u0131mc\u0131 projeye dahil edilecektir.<\/li><li>Daha \u00f6nce 2237-A kodlu bir projeye kat\u0131lmayan doktoral\u0131 ara\u015ft\u0131rma g\u00f6revlileri ve doktor \u00f6\u011fretim \u00fcyelerine \u00f6ncelik verilecektir.<\/li><\/ul><div><h4 style=\"text-align: start; font-variant-ligatures: normal; orphans: 2; widows: 2;\"><strong>Ba\u015fvuru ve E\u011fitim Tarihleri<\/strong><\/h4><ul style=\"text-align: start; font-variant-ligatures: normal; orphans: 2; widows: 2;\"><li>Son Ba\u015fvuru Tarihi: 7 Ekim 2024<\/li><li>Kabul Edilenlerin \u0130lan\u0131: 10 Ekim 2024<\/li><li>E\u011fitim Ba\u015flama Tarihi: 14 Ekim 2024<\/li><li>E\u011fitim Biti\u015f Tarihi: 18 Ekim 2024<\/li><\/ul><div style=\"text-align: start; font-variant-ligatures: normal; orphans: 2; widows: 2;\">\u00a0<\/div><\/div>\t\t\t\t\t\t\t\t<\/div>\n\t\t\t\t<\/div>\n\t\t\t\t\t<\/div>\n\t\t\t\t<\/div>\n\t\t\t\t<\/div>\n\t\t","protected":false},"excerpt":{"rendered":"<p>Etkinli\u011fe devlet veya vak\u0131f \u00fcniversitelerinde g\u00f6rev yapmakta olan 18 ara\u015ft\u0131rmac\u0131n\u0131n kat\u0131lmas\u0131 planlanmaktad\u0131r. Uygulama s\u00fcre\u00e7lerinin etkile\u015fimli y\u00fcr\u00fct\u00fclmesi planland\u0131\u011f\u0131 i\u00e7in ki\u015fi say\u0131s\u0131 s\u0131n\u0131rl\u0131 tutulmaya \u00e7al\u0131\u015f\u0131lm\u0131\u015ft\u0131r. Bu do\u011frultuda, etkinli\u011fe kat\u0131lacak ara\u015ft\u0131rmac\u0131lar belirlenirken a\u015fa\u011f\u0131daki hususlar dikkate al\u0131nacakt\u0131r. Ba\u015fvurma Kriterleri \u00dcniversitelerde \u00f6\u011fretim eleman\u0131 olarak g\u00f6rev yapmak. Devlet veya vak\u0131f \u00fcniversitelerinde en az bir d\u00f6nem ders vermi\u015f olmak. \u00c7evrimi\u00e7i ba\u015fvuru formunu [&hellip;]<\/p>\n","protected":false},"author":1,"featured_media":0,"parent":0,"menu_order":0,"comment_status":"closed","ping_status":"closed","template":"","meta":{"footnotes":""},"_links":{"self":[{"href":"http:\/\/degerlendirmesurecleri.lifeedu.org.tr\/index.php?rest_route=\/wp\/v2\/pages\/17"}],"collection":[{"href":"http:\/\/degerlendirmesurecleri.lifeedu.org.tr\/index.php?rest_route=\/wp\/v2\/pages"}],"about":[{"href":"http:\/\/degerlendirmesurecleri.lifeedu.org.tr\/index.php?rest_route=\/wp\/v2\/types\/page"}],"author":[{"embeddable":true,"href":"http:\/\/degerlendirmesurecleri.lifeedu.org.tr\/index.php?rest_route=\/wp\/v2\/users\/1"}],"replies":[{"embeddable":true,"href":"http:\/\/degerlendirmesurecleri.lifeedu.org.tr\/index.php?rest_route=%2Fwp%2Fv2%2Fcomments&post=17"}],"version-history":[{"count":10,"href":"http:\/\/degerlendirmesurecleri.lifeedu.org.tr\/index.php?rest_route=\/wp\/v2\/pages\/17\/revisions"}],"predecessor-version":[{"id":134,"href":"http:\/\/degerlendirmesurecleri.lifeedu.org.tr\/index.php?rest_route=\/wp\/v2\/pages\/17\/revisions\/134"}],"wp:attachment":[{"href":"http:\/\/degerlendirmesurecleri.lifeedu.org.tr\/index.php?rest_route=%2Fwp%2Fv2%2Fmedia&parent=17"}],"curies":[{"name":"wp","href":"https:\/\/api.w.org\/{rel}","templated":true}]}}