{"id":170,"date":"2024-10-10T11:34:21","date_gmt":"2024-10-10T11:34:21","guid":{"rendered":"http:\/\/degerlendirmesurecleri.lifeedu.org.tr\/?page_id=170"},"modified":"2024-10-10T11:39:03","modified_gmt":"2024-10-10T11:39:03","slug":"katilimci-listesi","status":"publish","type":"page","link":"http:\/\/degerlendirmesurecleri.lifeedu.org.tr\/?page_id=170","title":{"rendered":"Kat\u0131l\u0131mc\u0131 Listesi"},"content":{"rendered":"\n<figure class=\"wp-block-table\"><table><tbody><tr><td>AD<\/td><td>SOYAD<\/td><td>\u00dcN\u0130VERS\u0130TE<\/td><\/tr><tr><td>Nu**<\/td><td>\u00c7A**<\/td><td>Y\u00fcksek \u0130htisas \u00dcniversitesi<\/td><\/tr><tr><td>Er**<\/td><td>TA**<\/td><td>\u0130stanbul Medeniyet \u00dcniversitesi<\/td><\/tr><tr><td>Ta**<\/td><td>AL**<\/td><td>F\u0131rat \u00dcniversitesi<\/td><\/tr><tr><td>Se** Be**<\/td><td>KA**<\/td><td>\u0130stanbul Arel \u00fcniversitesi<\/td><\/tr><tr><td>El** Di**<\/td><td>TU**<\/td><td>Bursa Uluda\u011f \u00dcniversitesi<\/td><\/tr><tr><td>Es**<\/td><td>HA**<\/td><td>Ankara M\u00fczik ve G\u00fczel Sanatlar \u00dcniversitesi<\/td><\/tr><tr><td>Al**<\/td><td>KA**<\/td><td>\u00c7anakkale Onsekiz Mart \u00dcniversitesi<\/td><\/tr><tr><td>Fa** Es**<\/td><td>UZ**<\/td><td>\u0130zmir Ekonomi \u00dcniversitesi<\/td><\/tr><tr><td>Bu**<\/td><td>AY**<\/td><td>Ankara Y\u0131ld\u0131r\u0131m Beyaz\u0131t \u00dcniversitesi<\/td><\/tr><tr><td>Bu**<\/td><td>YA**<\/td><td>Osmaniye Korkut Ata \u00dcniversitesi<\/td><\/tr><tr><td>\u00dcm**<\/td><td>KA**<\/td><td>Amasya \u00dcniversitesi<\/td><\/tr><tr><td>Mu** Be**<\/td><td>BA**<\/td><td>Milli Savunma \u00fcniversitesi<\/td><\/tr><tr><td>\u00d6z** Nu**<\/td><td>KU** DA**<\/td><td>Ayd\u0131n Adnan Menderes \u00dcniversitesi<\/td><\/tr><tr><td>Se**<\/td><td>KA**<\/td><td>Do\u011fu Akdeniz \u00dcniversitesi<\/td><\/tr><tr><td>Se**<\/td><td>DE**<\/td><td>Milli Savunma \u00dcniversitesi<\/td><\/tr><tr><td>Ne**<\/td><td>Y\u00dc**<\/td><td>\u0130stanbul Medeniyet \u00dcniversitesi<\/td><\/tr><tr><td>Ni**<\/td><td>\u015eA**<\/td><td>\u0130stanbul Medeniyet \u00dcniversitesi<\/td><\/tr><tr><td>G\u00f6**<\/td><td>G\u00d6**<\/td><td>Isparta S\u00fcleyman Demirel \u00dcniversitesi<\/td><\/tr><\/tbody><\/table><\/figure>\n\n\n\n<p><strong>\u201cKat\u0131l\u0131mc\u0131lar e-posta ile ayr\u0131ca bilgilendirilmi\u015ftir.\u201d<\/strong><\/p>\n","protected":false},"excerpt":{"rendered":"<p>AD SOYAD \u00dcN\u0130VERS\u0130TE Nu** \u00c7A** Y\u00fcksek \u0130htisas \u00dcniversitesi Er** TA** \u0130stanbul Medeniyet \u00dcniversitesi Ta** AL** F\u0131rat \u00dcniversitesi Se** Be** KA** \u0130stanbul Arel \u00fcniversitesi El** Di** TU** Bursa Uluda\u011f \u00dcniversitesi Es** HA** Ankara M\u00fczik ve G\u00fczel Sanatlar \u00dcniversitesi Al** KA** \u00c7anakkale Onsekiz Mart \u00dcniversitesi Fa** Es** UZ** \u0130zmir Ekonomi \u00dcniversitesi Bu** AY** Ankara Y\u0131ld\u0131r\u0131m Beyaz\u0131t \u00dcniversitesi [&hellip;]<\/p>\n","protected":false},"author":1,"featured_media":0,"parent":0,"menu_order":0,"comment_status":"closed","ping_status":"closed","template":"","meta":{"footnotes":""},"_links":{"self":[{"href":"http:\/\/degerlendirmesurecleri.lifeedu.org.tr\/index.php?rest_route=\/wp\/v2\/pages\/170"}],"collection":[{"href":"http:\/\/degerlendirmesurecleri.lifeedu.org.tr\/index.php?rest_route=\/wp\/v2\/pages"}],"about":[{"href":"http:\/\/degerlendirmesurecleri.lifeedu.org.tr\/index.php?rest_route=\/wp\/v2\/types\/page"}],"author":[{"embeddable":true,"href":"http:\/\/degerlendirmesurecleri.lifeedu.org.tr\/index.php?rest_route=\/wp\/v2\/users\/1"}],"replies":[{"embeddable":true,"href":"http:\/\/degerlendirmesurecleri.lifeedu.org.tr\/index.php?rest_route=%2Fwp%2Fv2%2Fcomments&post=170"}],"version-history":[{"count":1,"href":"http:\/\/degerlendirmesurecleri.lifeedu.org.tr\/index.php?rest_route=\/wp\/v2\/pages\/170\/revisions"}],"predecessor-version":[{"id":171,"href":"http:\/\/degerlendirmesurecleri.lifeedu.org.tr\/index.php?rest_route=\/wp\/v2\/pages\/170\/revisions\/171"}],"wp:attachment":[{"href":"http:\/\/degerlendirmesurecleri.lifeedu.org.tr\/index.php?rest_route=%2Fwp%2Fv2%2Fmedia&parent=170"}],"curies":[{"name":"wp","href":"https:\/\/api.w.org\/{rel}","templated":true}]}}