{"id":24,"date":"2024-02-18T12:02:47","date_gmt":"2024-02-18T12:02:47","guid":{"rendered":"http:\/\/degerlendirmesurecleri.lifeedu.org.tr\/?page_id=24"},"modified":"2024-02-18T12:11:01","modified_gmt":"2024-02-18T12:11:01","slug":"kurullar-ve-egitimciler","status":"publish","type":"page","link":"http:\/\/degerlendirmesurecleri.lifeedu.org.tr\/?page_id=24","title":{"rendered":"Kurullar ve E\u011fitimciler"},"content":{"rendered":"\t\t<div data-elementor-type=\"wp-page\" data-elementor-id=\"24\" class=\"elementor elementor-24\">\n\t\t\t\t<div class=\"elementor-element elementor-element-d1221c5 e-flex e-con-boxed e-con e-parent\" data-id=\"d1221c5\" data-element_type=\"container\">\n\t\t\t\t\t<div class=\"e-con-inner\">\n\t\t\t\t<div class=\"elementor-element elementor-element-536bde3 elementor-widget__width-initial elementor-widget elementor-widget-text-editor\" data-id=\"536bde3\" data-element_type=\"widget\" data-widget_type=\"text-editor.default\">\n\t\t\t\t<div class=\"elementor-widget-container\">\n\t\t\t\t\t\t\t\t\t<p><strong><u>Bilim Kurulu \u00dcyeleri<\/u><\/strong><\/p><p><span style=\"font-family: var( --e-global-typography-text-font-family ), Sans-serif; font-weight: var( --e-global-typography-text-font-weight ); text-align: var(--text-align); background-color: var(--wp--preset--color--ti-bg); font-size: var(--neve-font-size-body, var(--wp--preset--font-size--normal));\">Prof. Dr. \u015eener B\u00dcY\u00dcK\u00d6ZT\u00dcRK<\/span><\/p><p>Hasan Kalyoncu \u00dcniversitesi<\/p><p>\u00a0<\/p><p>Prof. Dr. Selahattin Gelbal<\/p><p>Hacettepe \u00dcniversitesi<\/p><p>\u00a0<\/p><p>Prof. Dr. Hakan Yavuz Atar<\/p><p>Gazi \u00dcniversitesi<\/p><p>\u00a0<\/p><p>Prof. Dr. Ne\u015fe G\u00fcler<\/p><p>\u0130zmir Demokrasi \u00dcniversitesi<\/p><p>\u00a0<\/p><p>Prof. Dr. \u0130smail Karakaya<\/p><p>Gazi \u00dcniversitesi<\/p>\t\t\t\t\t\t\t\t<\/div>\n\t\t\t\t<\/div>\n\t\t\t\t<div class=\"elementor-element elementor-element-762d0ef elementor-widget elementor-widget-text-editor\" data-id=\"762d0ef\" data-element_type=\"widget\" data-widget_type=\"text-editor.default\">\n\t\t\t\t<div class=\"elementor-widget-container\">\n\t\t\t\t\t\t\t\t\t<p><strong><u>D\u00fczenleme Kurulu<\/u><\/strong><\/p><p>Prof. Dr. \u0130brahim Hakan Karata\u015f<\/p><p>\u0130stanbul Medeniyet \u00dcniversitesi<\/p><p>\u00a0<\/p><p>Do\u00e7. Dr. Ayfer Say\u0131n<\/p><p>Gazi \u00dcniversitesi<\/p><p>\u00a0<\/p><p>Do\u00e7. Dr. Mehmet \u015eata<\/p><p>Van Y\u00fcz\u00fcnc\u00fc Y\u0131l \u00dcniversitesi<\/p><p>\u00a0<\/p><p>Dr. \u00d6\u011frt. \u00dcyesi Halime Y\u0131ld\u0131r\u0131m Ho\u015f<\/p><p>\u0130stanbul Medeniyet \u00dcniversitesi<\/p><p>\u00a0<\/p><p>Dr. \u00d6\u011frt. \u00dcyesi Menek\u015fe Uysal Sara\u00e7<\/p><p>\u00c7ank\u0131r\u0131 Karatekin \u00dcniversitesi<\/p>\t\t\t\t\t\t\t\t<\/div>\n\t\t\t\t<\/div>\n\t\t\t\t\t<\/div>\n\t\t\t\t<\/div>\n\t\t<div class=\"elementor-element elementor-element-1552eb0 e-flex e-con-boxed e-con e-parent\" data-id=\"1552eb0\" data-element_type=\"container\">\n\t\t\t\t\t<div class=\"e-con-inner\">\n\t\t\t\t<div class=\"elementor-element elementor-element-cb1fc6d elementor-widget__width-initial elementor-widget elementor-widget-text-editor\" data-id=\"cb1fc6d\" data-element_type=\"widget\" data-widget_type=\"text-editor.default\">\n\t\t\t\t<div class=\"elementor-widget-container\">\n\t\t\t\t\t\t\t\t\t<p><strong><u>Yerel D\u00fczenleme Kurulu <\/u><\/strong><\/p><p>Prof. Dr. \u0130brahim Hakan Karata\u015f<\/p><p>\u0130stanbul Medeniyet \u00dcniversitesi<\/p><p>Do\u00e7.Dr. Marilena Z. Leana Ta\u015f\u00e7\u0131lar<\/p><p>\u0130stanbul Medeniyet \u00dcniversitesi<\/p><p>Dr. \u00d6\u011frt. \u00dcyesi Halime Y\u0131ld\u0131r\u0131m Ho\u015f<\/p><p>\u0130stanbul Medeniyet \u00dcniversitesi<\/p><p>Dr. \u00d6\u011frt. \u00dcyesi Serkan U\u00e7an<\/p><p>\u0130stanbul Medeniyet \u00dcniversitesi<\/p><p>\u00a0<\/p><p><strong><u>Yard\u0131mc\u0131 Personel<\/u><\/strong><\/p><p>Ar\u015f.G\u00f6r. Bet\u00fcl Olda\u00e7<\/p><p>Ar\u015f.G\u00f6r. Esra Erdo\u011fan<\/p><p>Ar\u015f.G\u00f6r. Esmanur Ba\u015fel Ko\u00e7ak<\/p>\t\t\t\t\t\t\t\t<\/div>\n\t\t\t\t<\/div>\n\t\t\t\t<div class=\"elementor-element elementor-element-7899716 elementor-widget elementor-widget-text-editor\" data-id=\"7899716\" data-element_type=\"widget\" data-widget_type=\"text-editor.default\">\n\t\t\t\t<div class=\"elementor-widget-container\">\n\t\t\t\t\t\t\t\t\t<p><strong><u>E\u011fiticiler<\/u><\/strong><\/p><p>Do\u00e7.Dr.Ayfer Say\u0131n<\/p><p>Do\u00e7.Dr.Marilena Zinovia LEANA TA\u015eCILAR<\/p><p>Do\u00e7.Dr.Mehmet \u015eata<\/p><p>Dr. \u00d6\u011frt. \u00dcyesi Esra Y\u0131ld\u0131z<\/p><p>Dr. \u00d6\u011frt. \u00dcyesi Ay\u015fenur Erdemir<\/p><p>Dr. \u00d6\u011frt. \u00dcyesi Merve Y\u0131ld\u0131r\u0131m Seheryeli<\/p><p>Dr. \u00d6\u011frt. \u00dcyesi Menek\u015fe Uysal Sara\u00e7<\/p><p>Dr. \u00d6\u011frt. \u00dcyesi Sinem \u015eenferah<\/p><p>Dr. \u00d6\u011frt. \u00dcyesi Feride \u00d6ks\u00fcz G\u00fcl<\/p><p>Dr. Esra Ta\u015f Oyar<\/p><p>Dr. \u00d6\u011frt. \u00dcyesi Halime Y\u0131ld\u0131r\u0131m Ho\u015f<\/p>\t\t\t\t\t\t\t\t<\/div>\n\t\t\t\t<\/div>\n\t\t\t\t\t<\/div>\n\t\t\t\t<\/div>\n\t\t\t\t<\/div>\n\t\t","protected":false},"excerpt":{"rendered":"<p>Bilim Kurulu \u00dcyeleri Prof. Dr. \u015eener B\u00dcY\u00dcK\u00d6ZT\u00dcRK Hasan Kalyoncu \u00dcniversitesi \u00a0 Prof. Dr. Selahattin Gelbal Hacettepe \u00dcniversitesi \u00a0 Prof. Dr. Hakan Yavuz Atar Gazi \u00dcniversitesi \u00a0 Prof. Dr. Ne\u015fe G\u00fcler \u0130zmir Demokrasi \u00dcniversitesi \u00a0 Prof. Dr. \u0130smail Karakaya Gazi \u00dcniversitesi D\u00fczenleme Kurulu Prof. Dr. \u0130brahim Hakan Karata\u015f \u0130stanbul Medeniyet \u00dcniversitesi \u00a0 Do\u00e7. Dr. Ayfer Say\u0131n [&hellip;]<\/p>\n","protected":false},"author":1,"featured_media":0,"parent":0,"menu_order":0,"comment_status":"closed","ping_status":"closed","template":"","meta":{"footnotes":""},"_links":{"self":[{"href":"http:\/\/degerlendirmesurecleri.lifeedu.org.tr\/index.php?rest_route=\/wp\/v2\/pages\/24"}],"collection":[{"href":"http:\/\/degerlendirmesurecleri.lifeedu.org.tr\/index.php?rest_route=\/wp\/v2\/pages"}],"about":[{"href":"http:\/\/degerlendirmesurecleri.lifeedu.org.tr\/index.php?rest_route=\/wp\/v2\/types\/page"}],"author":[{"embeddable":true,"href":"http:\/\/degerlendirmesurecleri.lifeedu.org.tr\/index.php?rest_route=\/wp\/v2\/users\/1"}],"replies":[{"embeddable":true,"href":"http:\/\/degerlendirmesurecleri.lifeedu.org.tr\/index.php?rest_route=%2Fwp%2Fv2%2Fcomments&post=24"}],"version-history":[{"count":5,"href":"http:\/\/degerlendirmesurecleri.lifeedu.org.tr\/index.php?rest_route=\/wp\/v2\/pages\/24\/revisions"}],"predecessor-version":[{"id":146,"href":"http:\/\/degerlendirmesurecleri.lifeedu.org.tr\/index.php?rest_route=\/wp\/v2\/pages\/24\/revisions\/146"}],"wp:attachment":[{"href":"http:\/\/degerlendirmesurecleri.lifeedu.org.tr\/index.php?rest_route=%2Fwp%2Fv2%2Fmedia&parent=24"}],"curies":[{"name":"wp","href":"https:\/\/api.w.org\/{rel}","templated":true}]}}