{"id":61,"date":"2024-02-22T19:45:22","date_gmt":"2024-02-22T19:45:22","guid":{"rendered":"http:\/\/degerlendirmesurecleri.lifeedu.org.tr\/?page_id=61"},"modified":"2024-10-16T05:20:57","modified_gmt":"2024-10-16T05:20:57","slug":"egitim-programi","status":"publish","type":"page","link":"http:\/\/degerlendirmesurecleri.lifeedu.org.tr\/?page_id=61","title":{"rendered":"E\u011fitim Program\u0131"},"content":{"rendered":"\t\t<div data-elementor-type=\"wp-page\" data-elementor-id=\"61\" class=\"elementor elementor-61\">\n\t\t\t\t<div class=\"elementor-element elementor-element-96e48bd e-flex e-con-boxed e-con e-parent\" data-id=\"96e48bd\" data-element_type=\"container\">\n\t\t\t\t\t<div class=\"e-con-inner\">\n\t\t\t\t<div class=\"elementor-element elementor-element-2583f61 elementor-widget elementor-widget-text-editor\" data-id=\"2583f61\" data-element_type=\"widget\" data-widget_type=\"text-editor.default\">\n\t\t\t\t<div class=\"elementor-widget-container\">\n\t\t\t\t\t\t\t\t\t<p>Bu e\u011fitim 37 saatlik \u00e7evrim i\u00e7i oturumlardan olu\u015fmaktad\u0131r. E\u011fitim, 14-18 Ekim 2024 tarihlerinde \u00e7evrim i\u00e7i olarak \u0130stanbul Medeniyet \u00dcniversitesi lisansl\u0131 Zoom hesab\u0131 ve Google Classroom \u00fczerinden y\u00fcr\u00fct\u00fclecektir.<\/p>\t\t\t\t\t\t\t\t<\/div>\n\t\t\t\t<\/div>\n\t\t\t\t<div class=\"elementor-element elementor-element-fa9d1f4 elementor-widget elementor-widget-image\" data-id=\"fa9d1f4\" data-element_type=\"widget\" data-widget_type=\"image.default\">\n\t\t\t\t<div class=\"elementor-widget-container\">\n\t\t\t\t\t\t\t\t\t\t\t\t\t\t\t<img fetchpriority=\"high\" decoding=\"async\" width=\"711\" height=\"481\" src=\"http:\/\/degerlendirmesurecleri.lifeedu.org.tr\/wp-content\/uploads\/2024\/10\/14-ekim.jpeg\" class=\"attachment-large size-large wp-image-157\" alt=\"\" srcset=\"http:\/\/degerlendirmesurecleri.lifeedu.org.tr\/wp-content\/uploads\/2024\/10\/14-ekim.jpeg 711w, http:\/\/degerlendirmesurecleri.lifeedu.org.tr\/wp-content\/uploads\/2024\/10\/14-ekim-300x203.jpeg 300w\" sizes=\"(max-width: 711px) 100vw, 711px\" \/>\t\t\t\t\t\t\t\t\t\t\t\t\t\t\t<\/div>\n\t\t\t\t<\/div>\n\t\t\t\t<div class=\"elementor-element elementor-element-5afd120 elementor-widget elementor-widget-image\" data-id=\"5afd120\" data-element_type=\"widget\" data-widget_type=\"image.default\">\n\t\t\t\t<div class=\"elementor-widget-container\">\n\t\t\t\t\t\t\t\t\t\t\t\t\t\t\t<img decoding=\"async\" width=\"709\" height=\"661\" src=\"http:\/\/degerlendirmesurecleri.lifeedu.org.tr\/wp-content\/uploads\/2024\/10\/15-ekim.jpeg\" class=\"attachment-large size-large wp-image-158\" alt=\"\" srcset=\"http:\/\/degerlendirmesurecleri.lifeedu.org.tr\/wp-content\/uploads\/2024\/10\/15-ekim.jpeg 709w, http:\/\/degerlendirmesurecleri.lifeedu.org.tr\/wp-content\/uploads\/2024\/10\/15-ekim-300x280.jpeg 300w\" sizes=\"(max-width: 709px) 100vw, 709px\" \/>\t\t\t\t\t\t\t\t\t\t\t\t\t\t\t<\/div>\n\t\t\t\t<\/div>\n\t\t\t\t<div class=\"elementor-element elementor-element-16a3abc elementor-widget elementor-widget-image\" data-id=\"16a3abc\" data-element_type=\"widget\" data-widget_type=\"image.default\">\n\t\t\t\t<div class=\"elementor-widget-container\">\n\t\t\t\t\t\t\t\t\t\t\t\t\t\t\t<img decoding=\"async\" width=\"714\" height=\"616\" src=\"http:\/\/degerlendirmesurecleri.lifeedu.org.tr\/wp-content\/uploads\/2024\/10\/WhatsApp-Image-2024-10-16-at-08.20.28.jpeg\" class=\"attachment-large size-large wp-image-181\" alt=\"\" srcset=\"http:\/\/degerlendirmesurecleri.lifeedu.org.tr\/wp-content\/uploads\/2024\/10\/WhatsApp-Image-2024-10-16-at-08.20.28.jpeg 714w, http:\/\/degerlendirmesurecleri.lifeedu.org.tr\/wp-content\/uploads\/2024\/10\/WhatsApp-Image-2024-10-16-at-08.20.28-300x259.jpeg 300w\" sizes=\"(max-width: 714px) 100vw, 714px\" \/>\t\t\t\t\t\t\t\t\t\t\t\t\t\t\t<\/div>\n\t\t\t\t<\/div>\n\t\t\t\t<div class=\"elementor-element elementor-element-94bf0b3 elementor-widget elementor-widget-image\" data-id=\"94bf0b3\" data-element_type=\"widget\" data-widget_type=\"image.default\">\n\t\t\t\t<div class=\"elementor-widget-container\">\n\t\t\t\t\t\t\t\t\t\t\t\t\t\t\t<img loading=\"lazy\" decoding=\"async\" width=\"709\" height=\"644\" src=\"http:\/\/degerlendirmesurecleri.lifeedu.org.tr\/wp-content\/uploads\/2024\/10\/17-ekim.jpeg\" class=\"attachment-large size-large wp-image-160\" alt=\"\" srcset=\"http:\/\/degerlendirmesurecleri.lifeedu.org.tr\/wp-content\/uploads\/2024\/10\/17-ekim.jpeg 709w, http:\/\/degerlendirmesurecleri.lifeedu.org.tr\/wp-content\/uploads\/2024\/10\/17-ekim-300x272.jpeg 300w\" sizes=\"(max-width: 709px) 100vw, 709px\" \/>\t\t\t\t\t\t\t\t\t\t\t\t\t\t\t<\/div>\n\t\t\t\t<\/div>\n\t\t\t\t<div class=\"elementor-element elementor-element-0770e75 elementor-widget elementor-widget-image\" data-id=\"0770e75\" data-element_type=\"widget\" data-widget_type=\"image.default\">\n\t\t\t\t<div class=\"elementor-widget-container\">\n\t\t\t\t\t\t\t\t\t\t\t\t\t\t\t<img loading=\"lazy\" decoding=\"async\" width=\"709\" height=\"444\" src=\"http:\/\/degerlendirmesurecleri.lifeedu.org.tr\/wp-content\/uploads\/2024\/10\/18-ekim.jpeg\" class=\"attachment-large size-large wp-image-161\" alt=\"\" srcset=\"http:\/\/degerlendirmesurecleri.lifeedu.org.tr\/wp-content\/uploads\/2024\/10\/18-ekim.jpeg 709w, http:\/\/degerlendirmesurecleri.lifeedu.org.tr\/wp-content\/uploads\/2024\/10\/18-ekim-300x188.jpeg 300w\" sizes=\"(max-width: 709px) 100vw, 709px\" \/>\t\t\t\t\t\t\t\t\t\t\t\t\t\t\t<\/div>\n\t\t\t\t<\/div>\n\t\t\t\t\t<\/div>\n\t\t\t\t<\/div>\n\t\t<div class=\"elementor-element elementor-element-4793a98 e-flex e-con-boxed e-con e-parent\" data-id=\"4793a98\" data-element_type=\"container\">\n\t\t\t\t\t<div class=\"e-con-inner\">\n\t\t\t\t\t<\/div>\n\t\t\t\t<\/div>\n\t\t\t\t<\/div>\n\t\t","protected":false},"excerpt":{"rendered":"<p>Bu e\u011fitim 37 saatlik \u00e7evrim i\u00e7i oturumlardan olu\u015fmaktad\u0131r. E\u011fitim, 14-18 Ekim 2024 tarihlerinde \u00e7evrim i\u00e7i olarak \u0130stanbul Medeniyet \u00dcniversitesi lisansl\u0131 Zoom hesab\u0131 ve Google Classroom \u00fczerinden y\u00fcr\u00fct\u00fclecektir.<\/p>\n","protected":false},"author":1,"featured_media":0,"parent":0,"menu_order":0,"comment_status":"closed","ping_status":"closed","template":"","meta":{"footnotes":""},"_links":{"self":[{"href":"http:\/\/degerlendirmesurecleri.lifeedu.org.tr\/index.php?rest_route=\/wp\/v2\/pages\/61"}],"collection":[{"href":"http:\/\/degerlendirmesurecleri.lifeedu.org.tr\/index.php?rest_route=\/wp\/v2\/pages"}],"about":[{"href":"http:\/\/degerlendirmesurecleri.lifeedu.org.tr\/index.php?rest_route=\/wp\/v2\/types\/page"}],"author":[{"embeddable":true,"href":"http:\/\/degerlendirmesurecleri.lifeedu.org.tr\/index.php?rest_route=\/wp\/v2\/users\/1"}],"replies":[{"embeddable":true,"href":"http:\/\/degerlendirmesurecleri.lifeedu.org.tr\/index.php?rest_route=%2Fwp%2Fv2%2Fcomments&post=61"}],"version-history":[{"count":37,"href":"http:\/\/degerlendirmesurecleri.lifeedu.org.tr\/index.php?rest_route=\/wp\/v2\/pages\/61\/revisions"}],"predecessor-version":[{"id":184,"href":"http:\/\/degerlendirmesurecleri.lifeedu.org.tr\/index.php?rest_route=\/wp\/v2\/pages\/61\/revisions\/184"}],"wp:attachment":[{"href":"http:\/\/degerlendirmesurecleri.lifeedu.org.tr\/index.php?rest_route=%2Fwp%2Fv2%2Fmedia&parent=61"}],"curies":[{"name":"wp","href":"https:\/\/api.w.org\/{rel}","templated":true}]}}