{"id":81,"date":"2024-02-23T08:46:35","date_gmt":"2024-02-23T08:46:35","guid":{"rendered":"http:\/\/degerlendirmesurecleri.lifeedu.org.tr\/?page_id=81"},"modified":"2024-02-23T12:05:06","modified_gmt":"2024-02-23T12:05:06","slug":"iletisim","status":"publish","type":"page","link":"http:\/\/degerlendirmesurecleri.lifeedu.org.tr\/?page_id=81","title":{"rendered":"\u0130leti\u015fim"},"content":{"rendered":"\t\t<div data-elementor-type=\"wp-page\" data-elementor-id=\"81\" class=\"elementor elementor-81\">\n\t\t\t\t<div class=\"elementor-element elementor-element-2bea44a e-flex e-con-boxed e-con e-parent\" data-id=\"2bea44a\" data-element_type=\"container\">\n\t\t\t\t\t<div class=\"e-con-inner\">\n\t\t\t\t\t<\/div>\n\t\t\t\t<\/div>\n\t\t<div class=\"elementor-element elementor-element-1bf7244 e-flex e-con-boxed e-con e-parent\" data-id=\"1bf7244\" data-element_type=\"container\">\n\t\t\t\t\t<div class=\"e-con-inner\">\n\t\t\t\t<div class=\"elementor-element elementor-element-6e5bc32 elementor-widget elementor-widget-text-editor\" data-id=\"6e5bc32\" data-element_type=\"widget\" data-widget_type=\"text-editor.default\">\n\t\t\t\t<div class=\"elementor-widget-container\">\n\t\t\t\t\t\t\t\t\t<p><strong>Proje Y\u00fcr\u00fct\u00fcc\u00fcs\u00fc<\/strong><\/p><ul><li>Dr. Halime Y\u0131ld\u0131r\u0131m Ho\u015f (Y\u00fcr\u00fct\u00fcc\u00fc\/Koordinat\u00f6r) <em>Istanbul Medeniyet \u00dcniversitesi, E\u011fitim Bilimleri B\u00f6l\u00fcm\u00fc,\u00a0<\/em><span style=\"text-decoration: underline;\">halime.yldrm@gmail.com<\/span><\/li><\/ul><div><strong>Yard\u0131mc\u0131 Personeller<\/strong><\/div><ul><li>Ar\u015f. G\u00f6r. Esmanur Ba\u015fel Ko\u00e7ak, <em>\u0130stanbul Medeniyet \u00dcniversitesi, E\u011fitim Bilimleri B\u00f6l\u00fcm\u00fc, <\/em><span style=\"text-decoration: underline;\">esmanur.basel@medeniyet.edu.tr<\/span><\/li><li>Ar\u015f. G\u00f6r Bet\u00fcl Olda\u00e7,\u00a0<em>\u0130stanbul Medeniyet \u00dcniversitesi, Yabanc\u0131 Diller E\u011fitimi B\u00f6l\u00fcm\u00fc, <\/em><span style=\"text-decoration: underline;\">betul.oldac@medeniyet.edu.tr\u00a0<\/span><\/li><li>Ar\u015f. G\u00f6r. Esra Erdo\u011fan,\u00a0<em>\u0130stanbul Medeniyet \u00dcniversitesi, Matematik E\u011fitimi B\u00f6l\u00fcm\u00fc, <\/em><span style=\"text-decoration: underline;\">esra.erdogan@medeniyet.edu.tr<\/span><\/li><\/ul>\t\t\t\t\t\t\t\t<\/div>\n\t\t\t\t<\/div>\n\t\t\t\t\t<\/div>\n\t\t\t\t<\/div>\n\t\t\t\t<\/div>\n\t\t","protected":false},"excerpt":{"rendered":"<p>Proje Y\u00fcr\u00fct\u00fcc\u00fcs\u00fc Dr. Halime Y\u0131ld\u0131r\u0131m Ho\u015f (Y\u00fcr\u00fct\u00fcc\u00fc\/Koordinat\u00f6r) Istanbul Medeniyet \u00dcniversitesi, E\u011fitim Bilimleri B\u00f6l\u00fcm\u00fc,\u00a0halime.yldrm@gmail.com Yard\u0131mc\u0131 Personeller Ar\u015f. G\u00f6r. Esmanur Ba\u015fel Ko\u00e7ak, \u0130stanbul Medeniyet \u00dcniversitesi, E\u011fitim Bilimleri B\u00f6l\u00fcm\u00fc, esmanur.basel@medeniyet.edu.tr Ar\u015f. G\u00f6r Bet\u00fcl Olda\u00e7,\u00a0\u0130stanbul Medeniyet \u00dcniversitesi, Yabanc\u0131 Diller E\u011fitimi B\u00f6l\u00fcm\u00fc, betul.oldac@medeniyet.edu.tr\u00a0 Ar\u015f. G\u00f6r. Esra Erdo\u011fan,\u00a0\u0130stanbul Medeniyet \u00dcniversitesi, Matematik E\u011fitimi B\u00f6l\u00fcm\u00fc, esra.erdogan@medeniyet.edu.tr<\/p>\n","protected":false},"author":1,"featured_media":0,"parent":0,"menu_order":0,"comment_status":"closed","ping_status":"closed","template":"","meta":{"footnotes":""},"_links":{"self":[{"href":"http:\/\/degerlendirmesurecleri.lifeedu.org.tr\/index.php?rest_route=\/wp\/v2\/pages\/81"}],"collection":[{"href":"http:\/\/degerlendirmesurecleri.lifeedu.org.tr\/index.php?rest_route=\/wp\/v2\/pages"}],"about":[{"href":"http:\/\/degerlendirmesurecleri.lifeedu.org.tr\/index.php?rest_route=\/wp\/v2\/types\/page"}],"author":[{"embeddable":true,"href":"http:\/\/degerlendirmesurecleri.lifeedu.org.tr\/index.php?rest_route=\/wp\/v2\/users\/1"}],"replies":[{"embeddable":true,"href":"http:\/\/degerlendirmesurecleri.lifeedu.org.tr\/index.php?rest_route=%2Fwp%2Fv2%2Fcomments&post=81"}],"version-history":[{"count":20,"href":"http:\/\/degerlendirmesurecleri.lifeedu.org.tr\/index.php?rest_route=\/wp\/v2\/pages\/81\/revisions"}],"predecessor-version":[{"id":131,"href":"http:\/\/degerlendirmesurecleri.lifeedu.org.tr\/index.php?rest_route=\/wp\/v2\/pages\/81\/revisions\/131"}],"wp:attachment":[{"href":"http:\/\/degerlendirmesurecleri.lifeedu.org.tr\/index.php?rest_route=%2Fwp%2Fv2%2Fmedia&parent=81"}],"curies":[{"name":"wp","href":"https:\/\/api.w.org\/{rel}","templated":true}]}}